{"id":5383,"date":"2022-10-13T06:26:59","date_gmt":"2022-10-13T06:26:59","guid":{"rendered":"https:\/\/plinkogamez.com\/?page_id=5383"},"modified":"2024-08-21T07:21:59","modified_gmt":"2024-08-21T07:21:59","slug":"pin-up","status":"publish","type":"page","link":"https:\/\/plinkogamez.com\/fr\/pin-up\/","title":{"rendered":"Pin-up"},"content":{"rendered":"<div data-elementor-type=\"wp-page\" data-elementor-id=\"5383\" class=\"elementor elementor-5383\">\n\t\t\t\t\t\t<section class=\"elementor-section elementor-top-section elementor-element elementor-element-3895b41 elementor-section-boxed elementor-section-height-default elementor-section-height-default\" data-id=\"3895b41\" data-element_type=\"section\" data-e-type=\"section\" data-settings=\"{&quot;background_background&quot;:&quot;classic&quot;}\">\n\t\t\t\t\t\t<div class=\"elementor-container elementor-column-gap-default\">\n\t\t\t\t\t<div class=\"elementor-column elementor-col-100 elementor-top-column elementor-element elementor-element-bbed065\" data-id=\"bbed065\" data-element_type=\"column\" data-e-type=\"column\" data-settings=\"{&quot;background_background&quot;:&quot;classic&quot;}\">\n\t\t\t<div class=\"elementor-widget-wrap elementor-element-populated\">\n\t\t\t\t\t\t<div class=\"elementor-element elementor-element-95734f0 elementor-widget elementor-widget-heading\" data-id=\"95734f0\" data-element_type=\"widget\" data-e-type=\"widget\" data-widget_type=\"heading.default\">\n\t\t\t\t<div class=\"elementor-widget-container\">\n\t\t\t\t\t<h1 class=\"elementor-heading-title elementor-size-default\">Jeu Plinko au Pin Up Casino<\/h1>\t\t\t\t<\/div>\n\t\t\t\t<\/div>\n\t\t\t\t<div class=\"elementor-element elementor-element-41b2eed elementor-widget elementor-widget-text-editor\" data-id=\"41b2eed\" data-element_type=\"widget\" data-e-type=\"widget\" data-widget_type=\"text-editor.default\">\n\t\t\t\t<div class=\"elementor-widget-container\">\n\t\t\t\t\t\t\t\t\t<p>Dans cette pr\u00e9sentation de Pin Up Casino, nous allons passer en revue tout ce que vous devez savoir sur le casino. Alors sans plus attendre, jetons un coup d'\u0153il sur les points forts de Pin Up Online Casino.\n\n<p>Au Card Player, vous pourrez d\u00e9couvrir et jouer \u00e0 certains des jeux et des matchs les plus modernes et les plus sophistiqu\u00e9s du casino. En outre, vous trouverez un livre de sport enti\u00e8rement fonctionnel ainsi que plusieurs sports virtuels.\t\t\t\t\t\t\t\t<\/div>\n\t\t\t\t<\/div>\n\t\t\t\t<div class=\"elementor-element elementor-element-5e17e73 elementor-widget elementor-widget-heading\" data-id=\"5e17e73\" data-element_type=\"widget\" data-e-type=\"widget\" data-widget_type=\"heading.default\">\n\t\t\t\t<div class=\"elementor-widget-container\">\n\t\t\t\t\t<h2 class=\"elementor-heading-title elementor-size-default\">Comment s'inscrire au Pin Up Online Casino ?<\/h2>\t\t\t\t<\/div>\n\t\t\t\t<\/div>\n\t\t\t\t<div class=\"elementor-element elementor-element-e8e0c56 elementor-widget elementor-widget-text-editor\" data-id=\"e8e0c56\" data-element_type=\"widget\" data-e-type=\"widget\" data-widget_type=\"text-editor.default\">\n\t\t\t\t<div class=\"elementor-widget-container\">\n\t\t\t\t\t\t\t\t\t<p>Nous allons commencer notre revue du casino Pin-up en vous expliquant comment cr\u00e9er un nouveau compte. M\u00eame si vous souhaitez commencer \u00e0 parier imm\u00e9diatement, vous ne pourrez pas le faire si vous ne suivez pas d'abord cette proc\u00e9dure.\n<ul>\n<li>La premi\u00e8re chose \u00e0 v\u00e9rifier est si le pays dans lequel vous vous trouvez fait partie des pays interdits par Pin-up. \n<li>L'\u00e9tape suivante consiste donc \u00e0 cliquer sur le bouton \"S'inscrire\". \n<li>Remplissez tous les d\u00e9tails n\u00e9cessaires tels que votre adresse e-mail, votre mot de passe, votre pays, votre num\u00e9ro de t\u00e9l\u00e9phone et plus encore. \n<li>Il est toujours pr\u00e9f\u00e9rable de v\u00e9rifier attentivement les conditions g\u00e9n\u00e9rales de vente de la soci\u00e9t\u00e9 avant de jouer dans un casino en ligne. Il est essentiel de comprendre les r\u00e9glementations relatives aux casinos en ligne. \n<li>Lorsque vous aurez termin\u00e9, vous devrez choisir si vous souhaitez recevoir des informations par SMS et par courrier \u00e9lectronique.\n<\/ul> \t\t\t\t\t\t\t\t<\/div>\n\t\t\t\t<\/div>\n\t\t\t\t<div class=\"elementor-element elementor-element-ae077e8 elementor-widget elementor-widget-spacer\" data-id=\"ae077e8\" data-element_type=\"widget\" data-e-type=\"widget\" data-widget_type=\"spacer.default\">\n\t\t\t\t<div class=\"elementor-widget-container\">\n\t\t\t\t\t\t\t<div class=\"elementor-spacer\">\n\t\t\t<div class=\"elementor-spacer-inner\"><\/div>\n\t\t<\/div>\n\t\t\t\t\t\t<\/div>\n\t\t\t\t<\/div>\n\t\t\t\t<div class=\"elementor-element elementor-element-e6a4b91 elementor-button-danger elementor-align-center elementor-widget elementor-widget-button\" data-id=\"e6a4b91\" data-element_type=\"widget\" data-e-type=\"widget\" data-widget_type=\"button.default\">\n\t\t\t\t<div class=\"elementor-widget-container\">\n\t\t\t\t\t\t\t\t\t<div class=\"elementor-button-wrapper\">\n\t\t\t\t\t<a class=\"elementor-button elementor-size-md\" role=\"button\">\n\t\t\t\t\t\t<span class=\"elementor-button-content-wrapper\">\n\t\t\t\t\t\t\t\t\t<span class=\"elementor-button-text\">Jouer au Plinko<\/span>\n\t\t\t\t\t<\/span>\n\t\t\t\t\t<\/a>\n\t\t\t\t<\/div>\n\t\t\t\t\t\t\t\t<\/div>\n\t\t\t\t<\/div>\n\t\t\t\t<div class=\"elementor-element elementor-element-646bc71 elementor-widget elementor-widget-spacer\" data-id=\"646bc71\" data-element_type=\"widget\" data-e-type=\"widget\" data-widget_type=\"spacer.default\">\n\t\t\t\t<div class=\"elementor-widget-container\">\n\t\t\t\t\t\t\t<div class=\"elementor-spacer\">\n\t\t\t<div class=\"elementor-spacer-inner\"><\/div>\n\t\t<\/div>\n\t\t\t\t\t\t<\/div>\n\t\t\t\t<\/div>\n\t\t\t\t<div class=\"elementor-element elementor-element-0a9ad0c elementor-widget elementor-widget-heading\" data-id=\"0a9ad0c\" data-element_type=\"widget\" data-e-type=\"widget\" data-widget_type=\"heading.default\">\n\t\t\t\t<div class=\"elementor-widget-container\">\n\t\t\t\t\t<h2 class=\"elementor-heading-title elementor-size-default\">Bonus de bienvenue du Pin Up Casino<\/h2>\t\t\t\t<\/div>\n\t\t\t\t<\/div>\n\t\t\t\t<div class=\"elementor-element elementor-element-ee7f7b1 elementor-widget elementor-widget-text-editor\" data-id=\"ee7f7b1\" data-element_type=\"widget\" data-e-type=\"widget\" data-widget_type=\"text-editor.default\">\n\t\t\t\t<div class=\"elementor-widget-container\">\n\t\t\t\t\t\t\t\t\t<p>Le bonus de bienvenue de Pin Up est l'un des plus g\u00e9n\u00e9reux du secteur. Lors de votre premier d\u00e9p\u00f4t, vous recevrez un d\u00e9p\u00f4t de 100 % jusqu'\u00e0 2 000 \u20ac\/2 000 $. En outre, vous recevrez \u00e9galement 200 tours gratuits.\n\n<p>Les exigences de mise pour le bonus du casino Pin-up sont de 35x le d\u00e9p\u00f4t et le montant du bonus. Vous avez 30 jours pour remplir ces conditions.\n\n<p>L'une des principales raisons pour lesquelles ce site est si populaire est qu'il offre un bonus sans d\u00e9p\u00f4t. Cela signifie que vous pouvez essayer les jeux sans avoir \u00e0 d\u00e9poser d'argent.\n\n<img fetchpriority=\"high\" decoding=\"async\" class=\"aligncenter wp-image-5508 size-full\" src=\"https:\/\/plinkogamez.com\/wp-content\/uploads\/2022\/10\/Pin-Up-Bonuses-1024x222-1.webp\" alt=\"Bonus de bienvenue du Pin Up Casino\" width=\"1024\" height=\"222\" srcset=\"https:\/\/plinkogamez.com\/wp-content\/uploads\/2022\/10\/Pin-Up-Bonuses-1024x222-1.webp 1024w, https:\/\/plinkogamez.com\/wp-content\/uploads\/2022\/10\/Pin-Up-Bonuses-1024x222-1-300x65.webp 300w, https:\/\/plinkogamez.com\/wp-content\/uploads\/2022\/10\/Pin-Up-Bonuses-1024x222-1-768x167.webp 768w\" sizes=\"(max-width: 1024px) 100vw, 1024px\" \/>\n\n<center><i>JetX Pin-Up<\/i><\/center>\t\t\t\t\t\t\t\t<\/div>\n\t\t\t\t<\/div>\n\t\t\t\t<div class=\"elementor-element elementor-element-aa4c87a elementor-widget elementor-widget-heading\" data-id=\"aa4c87a\" data-element_type=\"widget\" data-e-type=\"widget\" data-widget_type=\"heading.default\">\n\t\t\t\t<div class=\"elementor-widget-container\">\n\t\t\t\t\t<h2 class=\"elementor-heading-title elementor-size-default\">Plinko au Pin Up Casino<\/h2>\t\t\t\t<\/div>\n\t\t\t\t<\/div>\n\t\t\t\t<div class=\"elementor-element elementor-element-b3bae5c elementor-widget elementor-widget-text-editor\" data-id=\"b3bae5c\" data-element_type=\"widget\" data-e-type=\"widget\" data-widget_type=\"text-editor.default\">\n\t\t\t\t<div class=\"elementor-widget-container\">\n\t\t\t\t\t\t\t\t\t<p>La deuxi\u00e8me partie de notre revue du casino Pin-up se concentre sur le jeu Plinko. Il s'agit d'un ajout relativement r\u00e9cent au site, mais il est d\u00e9j\u00e0 devenu l'un des jeux les plus populaires.\n\n<p>Plinko est un jeu d'adresse dans lequel vous devez faire atterrir des avions sur une piste. Le but est d'obtenir le plus de points possible en 30 secondes. C'est un jeu rapide et passionnant, parfait pour ceux qui aiment les d\u00e9fis.\n\n<p>Vous avez le choix entre quatre niveaux de difficult\u00e9 diff\u00e9rents, ce qui vous permet de trouver celui qui vous convient le mieux. Si vous voulez gagner gros, vous devez faire atterrir autant d'avions que possible. Plus vous faites atterrir d'avions, plus vous gagnez de points.\t\t\t\t\t\t\t\t<\/div>\n\t\t\t\t<\/div>\n\t\t\t\t<div class=\"elementor-element elementor-element-1a8dbb4 elementor-widget elementor-widget-heading\" data-id=\"1a8dbb4\" data-element_type=\"widget\" data-e-type=\"widget\" data-widget_type=\"heading.default\">\n\t\t\t\t<div class=\"elementor-widget-container\">\n\t\t\t\t\t<h2 class=\"elementor-heading-title elementor-size-default\">Pin Up Casino Games<\/h2>\t\t\t\t<\/div>\n\t\t\t\t<\/div>\n\t\t\t\t<div class=\"elementor-element elementor-element-157e46c elementor-widget elementor-widget-text-editor\" data-id=\"157e46c\" data-element_type=\"widget\" data-e-type=\"widget\" data-widget_type=\"text-editor.default\">\n\t\t\t\t<div class=\"elementor-widget-container\">\n\t\t\t\t\t\t\t\t\t<p>Pin-up Casino propose plus de 2000 jeux. Vous trouverez tous les classiques tels que les machines \u00e0 sous, le blackjack, la roulette et le baccarat. En outre, il y a \u00e9galement des jeux avec croupier en direct, du vid\u00e9o poker et toute une s\u00e9rie d'autres titres.\n\n<p>Les d\u00e9veloppeurs qui ont contribu\u00e9 \u00e0 cette plateforme sont parmi les meilleurs du secteur. Vous trouverez des noms comme Play'n GO, Quickspin et NetEnt.\n\n<p>Si vous cherchez quelque chose de nouveau et d'excitant \u00e0 jouer, vous devriez certainement jeter un coup d'\u0153il \u00e0 l'onglet \"Nouveaux jeux\". Vous y trouverez toutes les derni\u00e8res nouveaut\u00e9s.\n\n<p>Comme nous l'avons mentionn\u00e9 pr\u00e9c\u00e9demment, il existe \u00e9galement plusieurs jeux sportifs virtuels sur lesquels vous pouvez parier. Il s'agit notamment du football, des courses de chevaux et du tennis.\n\n<img decoding=\"async\" class=\"aligncenter wp-image-5509 size-full\" src=\"https:\/\/plinkogamez.com\/wp-content\/uploads\/2022\/10\/Pin-Up-Casino-Games.webp\" alt=\"Pin Up Casino Games\" width=\"705\" height=\"530\" srcset=\"https:\/\/plinkogamez.com\/wp-content\/uploads\/2022\/10\/Pin-Up-Casino-Games.webp 705w, https:\/\/plinkogamez.com\/wp-content\/uploads\/2022\/10\/Pin-Up-Casino-Games-300x226.webp 300w\" sizes=\"(max-width: 705px) 100vw, 705px\" \/>\n\n<center><i>Pin Up Casino Games<\/i><\/center>\t\t\t\t\t\t\t\t<\/div>\n\t\t\t\t<\/div>\n\t\t\t\t<div class=\"elementor-element elementor-element-1d238f8 elementor-widget elementor-widget-heading\" data-id=\"1d238f8\" data-element_type=\"widget\" data-e-type=\"widget\" data-widget_type=\"heading.default\">\n\t\t\t\t<div class=\"elementor-widget-container\">\n\t\t\t\t\t<h2 class=\"elementor-heading-title elementor-size-default\">Pin Up Bet Live Casino<\/h2>\t\t\t\t<\/div>\n\t\t\t\t<\/div>\n\t\t\t\t<div class=\"elementor-element elementor-element-35c5702 elementor-widget elementor-widget-text-editor\" data-id=\"35c5702\" data-element_type=\"widget\" data-e-type=\"widget\" data-widget_type=\"text-editor.default\">\n\t\t\t\t<div class=\"elementor-widget-container\">\n\t\t\t\t\t\t\t\t\t<p>Le casino en direct Pin-up est aliment\u00e9 par Evolution Gaming. Il s'agit de l'un des principaux fournisseurs de jeux avec croupier en direct du secteur.\n\n<p>Vous y trouverez tous les classiques tels que le blackjack, la roulette et le baccarat. Il y a aussi des titres plus inhabituels comme Monopoly Live et Deal or No Deal Live.\n\n<p>La mise minimale est de 0,50 EUR\/$ et la mise maximale est de 5 000 EUR\/$.\t\t\t\t\t\t\t\t<\/div>\n\t\t\t\t<\/div>\n\t\t\t\t<div class=\"elementor-element elementor-element-03fa6fd elementor-widget elementor-widget-spacer\" data-id=\"03fa6fd\" data-element_type=\"widget\" data-e-type=\"widget\" data-widget_type=\"spacer.default\">\n\t\t\t\t<div class=\"elementor-widget-container\">\n\t\t\t\t\t\t\t<div class=\"elementor-spacer\">\n\t\t\t<div class=\"elementor-spacer-inner\"><\/div>\n\t\t<\/div>\n\t\t\t\t\t\t<\/div>\n\t\t\t\t<\/div>\n\t\t\t\t<div class=\"elementor-element elementor-element-5c61464 elementor-button-danger elementor-align-center elementor-widget elementor-widget-button\" data-id=\"5c61464\" data-element_type=\"widget\" data-e-type=\"widget\" data-widget_type=\"button.default\">\n\t\t\t\t<div class=\"elementor-widget-container\">\n\t\t\t\t\t\t\t\t\t<div class=\"elementor-button-wrapper\">\n\t\t\t\t\t<a class=\"elementor-button elementor-size-md\" role=\"button\">\n\t\t\t\t\t\t<span class=\"elementor-button-content-wrapper\">\n\t\t\t\t\t\t\t\t\t<span class=\"elementor-button-text\">Jouer au Plinko<\/span>\n\t\t\t\t\t<\/span>\n\t\t\t\t\t<\/a>\n\t\t\t\t<\/div>\n\t\t\t\t\t\t\t\t<\/div>\n\t\t\t\t<\/div>\n\t\t\t\t<div class=\"elementor-element elementor-element-7252cf8 elementor-widget elementor-widget-spacer\" data-id=\"7252cf8\" data-element_type=\"widget\" data-e-type=\"widget\" data-widget_type=\"spacer.default\">\n\t\t\t\t<div class=\"elementor-widget-container\">\n\t\t\t\t\t\t\t<div class=\"elementor-spacer\">\n\t\t\t<div class=\"elementor-spacer-inner\"><\/div>\n\t\t<\/div>\n\t\t\t\t\t\t<\/div>\n\t\t\t\t<\/div>\n\t\t\t\t<div class=\"elementor-element elementor-element-c33691e elementor-widget elementor-widget-heading\" data-id=\"c33691e\" data-element_type=\"widget\" data-e-type=\"widget\" data-widget_type=\"heading.default\">\n\t\t\t\t<div class=\"elementor-widget-container\">\n\t\t\t\t\t<h2 class=\"elementor-heading-title elementor-size-default\">M\u00e9thodes de paiement de Pin Up Casino<\/h2>\t\t\t\t<\/div>\n\t\t\t\t<\/div>\n\t\t\t\t<div class=\"elementor-element elementor-element-9564a88 elementor-widget elementor-widget-text-editor\" data-id=\"9564a88\" data-element_type=\"widget\" data-e-type=\"widget\" data-widget_type=\"text-editor.default\">\n\t\t\t\t<div class=\"elementor-widget-container\">\n\t\t\t\t\t\t\t\t\t<p>Dans cette revue du casino Pin-up, nous allons nous pencher sur les diff\u00e9rentes m\u00e9thodes de paiement disponibles.\n<ul>\n<li>Visa \n<li>MasterCard \n<li>Skrill \n<li>Neteller \n<li>Paysafecard \n<li>ecoPayz \n<\/ul>\n<p>Le montant minimum de d\u00e9p\u00f4t est de 10 \u20ac\/10 $ et le maximum de 5 000 \u20ac\/5 000 $. Les m\u00eames limites s'appliquent aux retraits.\n<p>Le d\u00e9lai de traitement des d\u00e9p\u00f4ts est instantan\u00e9, mais les retraits peuvent prendre jusqu'\u00e0 3 jours ouvrables.\t\t\t\t\t\t\t\t<\/div>\n\t\t\t\t<\/div>\n\t\t\t\t<div class=\"elementor-element elementor-element-9ea2a08 elementor-widget elementor-widget-heading\" data-id=\"9ea2a08\" data-element_type=\"widget\" data-e-type=\"widget\" data-widget_type=\"heading.default\">\n\t\t\t\t<div class=\"elementor-widget-container\">\n\t\t\t\t\t<h2 class=\"elementor-heading-title elementor-size-default\">Pourquoi choisir le Casino en ligne Pin Up ?<\/h2>\t\t\t\t<\/div>\n\t\t\t\t<\/div>\n\t\t\t\t<div class=\"elementor-element elementor-element-bfe93f4 elementor-widget elementor-widget-text-editor\" data-id=\"bfe93f4\" data-element_type=\"widget\" data-e-type=\"widget\" data-widget_type=\"text-editor.default\">\n\t\t\t\t<div class=\"elementor-widget-container\">\n\t\t\t\t\t\t\t\t\t<p>En conclusion, le casino Pin Up est un excellent choix pour les parieurs \u00e0 la recherche d'un large \u00e9ventail de jeux et de bonus.<\/p><p>Le site web est \u00e9galement tr\u00e8s facile \u00e0 utiliser et l'assistance \u00e0 la client\u00e8le est excellente.<\/p><p>Si vous recherchez un casino en ligne qui offre un peu de tout, nous vous recommandons vivement Pin-up Casino.<\/p>\t\t\t\t\t\t\t\t<\/div>\n\t\t\t\t<\/div>\n\t\t\t\t\t<\/div>\n\t\t<\/div>\n\t\t\t\t\t<\/div>\n\t\t<\/section>\n\t\t\t\t<\/div>","protected":false},"excerpt":{"rendered":"<p>Jogo Plinko no Pin Up Casino Nesta vis\u00e3o geral do cassino Pin-up, n\u00f3s analisaremos tudo o que voc\u00ea precisa saber sobre o cassino. Portanto, sem mais delongas, vamos dar uma olhada em alguns dos destaques do cassino Pin Up Online. No Card Player, voc\u00ea poder\u00e1 descobrir e jogar em alguns dos jogos e partidas mais [&hellip;]<\/p>\n","protected":false},"author":1,"featured_media":0,"parent":0,"menu_order":0,"comment_status":"closed","ping_status":"closed","template":"elementor_header_footer","meta":{"site-sidebar-layout":"no-sidebar","site-content-layout":"page-builder","ast-site-content-layout":"default","site-content-style":"default","site-sidebar-style":"default","ast-global-header-display":"","ast-banner-title-visibility":"","ast-main-header-display":"","ast-hfb-above-header-display":"","ast-hfb-below-header-display":"","ast-hfb-mobile-header-display":"","site-post-title":"disabled","ast-breadcrumbs-content":"","ast-featured-img":"disabled","footer-sml-layout":"","ast-disable-related-posts":"","theme-transparent-header-meta":"","adv-header-id-meta":"","stick-header-meta":"","header-above-stick-meta":"","header-main-stick-meta":"","header-below-stick-meta":"","astra-migrate-meta-layouts":"default","ast-page-background-enabled":"default","ast-page-background-meta":{"desktop":{"background-color":"","background-image":"","background-repeat":"repeat","background-position":"center center","background-size":"auto","background-attachment":"scroll","background-type":"","background-media":"","overlay-type":"","overlay-color":"","overlay-opacity":"","overlay-gradient":""},"tablet":{"background-color":"","background-image":"","background-repeat":"repeat","background-position":"center center","background-size":"auto","background-attachment":"scroll","background-type":"","background-media":"","overlay-type":"","overlay-color":"","overlay-opacity":"","overlay-gradient":""},"mobile":{"background-color":"","background-image":"","background-repeat":"repeat","background-position":"center center","background-size":"auto","background-attachment":"scroll","background-type":"","background-media":"","overlay-type":"","overlay-color":"","overlay-opacity":"","overlay-gradient":""}},"ast-content-background-meta":{"desktop":{"background-color":"var(--ast-global-color-5)","background-image":"","background-repeat":"repeat","background-position":"center center","background-size":"auto","background-attachment":"scroll","background-type":"","background-media":"","overlay-type":"","overlay-color":"","overlay-opacity":"","overlay-gradient":""},"tablet":{"background-color":"var(--ast-global-color-5)","background-image":"","background-repeat":"repeat","background-position":"center center","background-size":"auto","background-attachment":"scroll","background-type":"","background-media":"","overlay-type":"","overlay-color":"","overlay-opacity":"","overlay-gradient":""},"mobile":{"background-color":"var(--ast-global-color-5)","background-image":"","background-repeat":"repeat","background-position":"center center","background-size":"auto","background-attachment":"scroll","background-type":"","background-media":"","overlay-type":"","overlay-color":"","overlay-opacity":"","overlay-gradient":""}},"footnotes":""},"class_list":["post-5383","page","type-page","status-publish","hentry"],"aioseo_notices":[],"_links":{"self":[{"href":"https:\/\/plinkogamez.com\/fr\/wp-json\/wp\/v2\/pages\/5383","targetHints":{"allow":["GET"]}}],"collection":[{"href":"https:\/\/plinkogamez.com\/fr\/wp-json\/wp\/v2\/pages"}],"about":[{"href":"https:\/\/plinkogamez.com\/fr\/wp-json\/wp\/v2\/types\/page"}],"author":[{"embeddable":true,"href":"https:\/\/plinkogamez.com\/fr\/wp-json\/wp\/v2\/users\/1"}],"replies":[{"embeddable":true,"href":"https:\/\/plinkogamez.com\/fr\/wp-json\/wp\/v2\/comments?post=5383"}],"version-history":[{"count":1,"href":"https:\/\/plinkogamez.com\/fr\/wp-json\/wp\/v2\/pages\/5383\/revisions"}],"predecessor-version":[{"id":5813,"href":"https:\/\/plinkogamez.com\/fr\/wp-json\/wp\/v2\/pages\/5383\/revisions\/5813"}],"wp:attachment":[{"href":"https:\/\/plinkogamez.com\/fr\/wp-json\/wp\/v2\/media?parent=5383"}],"curies":[{"name":"wp","href":"https:\/\/api.w.org\/{rel}","templated":true}]}}