{"id":5369,"date":"2022-10-13T06:11:56","date_gmt":"2022-10-13T06:11:56","guid":{"rendered":"https:\/\/plinkogamez.com\/?page_id=5369"},"modified":"2024-08-21T07:21:19","modified_gmt":"2024-08-21T07:21:19","slug":"demonstracao","status":"publish","type":"page","link":"https:\/\/plinkogamez.com\/fr\/demonstracao\/","title":{"rendered":"D\u00e9monstration"},"content":{"rendered":"<div data-elementor-type=\"wp-page\" data-elementor-id=\"5369\" class=\"elementor elementor-5369\">\n\t\t\t\t\t\t<section class=\"elementor-section elementor-top-section elementor-element elementor-element-f99e9ab elementor-section-boxed elementor-section-height-default elementor-section-height-default\" data-id=\"f99e9ab\" data-element_type=\"section\" data-e-type=\"section\" data-settings=\"{&quot;background_background&quot;:&quot;classic&quot;}\">\n\t\t\t\t\t\t<div class=\"elementor-container elementor-column-gap-default\">\n\t\t\t\t\t<div class=\"elementor-column elementor-col-100 elementor-top-column elementor-element elementor-element-40e4681\" data-id=\"40e4681\" data-element_type=\"column\" data-e-type=\"column\" data-settings=\"{&quot;background_background&quot;:&quot;classic&quot;}\">\n\t\t\t<div class=\"elementor-widget-wrap elementor-element-populated\">\n\t\t\t\t\t\t<div class=\"elementor-element elementor-element-fe4e9f5 elementor-widget elementor-widget-heading\" data-id=\"fe4e9f5\" data-element_type=\"widget\" data-e-type=\"widget\" data-widget_type=\"heading.default\">\n\t\t\t\t<div class=\"elementor-widget-container\">\n\t\t\t\t\t<h1 class=\"elementor-heading-title elementor-size-default\">Jeu de d\u00e9monstration Plinko<\/h1>\t\t\t\t<\/div>\n\t\t\t\t<\/div>\n\t\t\t\t<div class=\"elementor-element elementor-element-374e92d elementor-widget elementor-widget-heading\" data-id=\"374e92d\" data-element_type=\"widget\" data-e-type=\"widget\" data-widget_type=\"heading.default\">\n\t\t\t\t<div class=\"elementor-widget-container\">\n\t\t\t\t\t<h2 class=\"elementor-heading-title elementor-size-default\">Essayez le Plinko gratuitement<\/h2>\t\t\t\t<\/div>\n\t\t\t\t<\/div>\n\t\t\t\t<div class=\"elementor-element elementor-element-15ea828 elementor-widget elementor-widget-text-editor\" data-id=\"15ea828\" data-element_type=\"widget\" data-e-type=\"widget\" data-widget_type=\"text-editor.default\">\n\t\t\t\t<div class=\"elementor-widget-container\">\n\t\t\t\t\t\t\t\t\t<img fetchpriority=\"high\" decoding=\"async\" class=\"aligncenter wp-image-5495 size-full\" src=\"https:\/\/plinkogamez.com\/wp-content\/uploads\/2022\/10\/Plinko-Online-Slot.webp\" alt=\"Jeu de d\u00e9monstration Plinko\" width=\"649\" height=\"603\" \/>\n<br>\n<p>Plinko est-il fait pour moi, pouvez-vous me le demander ? C'est une excellente question qu'un joueur peut se poser ! Tout ce que nous pouvons vous dire, c'est que d'apr\u00e8s notre exp\u00e9rience, il y a des tonnes de fans de Plinko qui appr\u00e9cient ce jeu \u00e0 sa juste valeur. Nous n'avons pas r\u00e9dig\u00e9 cet article par hasard. Ou peut-\u00eatre avons-nous entendu tellement de nos compagnons en parler avec enthousiasme que nous avons eu besoin de mettre en doute la perte de tout fan de Plinko.\n\n<p>Mais comme tout jeu de casino peut \u00eatre une question de go\u00fbt, vous pouvez commencer \u00e0 jouer \u00e0 Plinko gratuitement pour choisir par vous-m\u00eame. C'est exact. Nous jouerons \u00e0 Plinko gratuitement pour que vous puissiez vous amuser un peu plus tard, lorsque vous serez pass\u00e9 aux v\u00e9ritables paris en argent liquide. De mani\u00e8re inattendue, c'est une autre raison pour laquelle nous aimons tant Pin-up Casino.\n\n<p>Notez que pour jouer \u00e0 Plinko sans chargement, il suffit de d\u00e9finir le champ \"Montant de la mise\" (comme z\u00e9ro) et de toucher le bouton \"Mise\" pour d\u00e9charger le jeton. Vous ne gagnerez rien, bien s\u00fbr, mais vous ne perdrez rien non plus. Donc, si vous avez besoin de jouer un grand nombre de tours juste pour v\u00e9rifier les choses, ou m\u00eame si vous voulez massacrer quelques fois sans avoir \u00e0 payer de frais, vous pouvez le faire.\t\t\t\t\t\t\t\t<\/div>\n\t\t\t\t<\/div>\n\t\t\t\t<div class=\"elementor-element elementor-element-7e58b49 elementor-button-danger elementor-align-center elementor-widget elementor-widget-button\" data-id=\"7e58b49\" data-element_type=\"widget\" data-e-type=\"widget\" data-widget_type=\"button.default\">\n\t\t\t\t<div class=\"elementor-widget-container\">\n\t\t\t\t\t\t\t\t\t<div class=\"elementor-button-wrapper\">\n\t\t\t\t\t<a class=\"elementor-button elementor-size-md\" role=\"button\">\n\t\t\t\t\t\t<span class=\"elementor-button-content-wrapper\">\n\t\t\t\t\t\t\t\t\t<span class=\"elementor-button-text\">Jouer au Plinko<\/span>\n\t\t\t\t\t<\/span>\n\t\t\t\t\t<\/a>\n\t\t\t\t<\/div>\n\t\t\t\t\t\t\t\t<\/div>\n\t\t\t\t<\/div>\n\t\t\t\t<div class=\"elementor-element elementor-element-35bd48c elementor-widget elementor-widget-spacer\" data-id=\"35bd48c\" data-element_type=\"widget\" data-e-type=\"widget\" data-widget_type=\"spacer.default\">\n\t\t\t\t<div class=\"elementor-widget-container\">\n\t\t\t\t\t\t\t<div class=\"elementor-spacer\">\n\t\t\t<div class=\"elementor-spacer-inner\"><\/div>\n\t\t<\/div>\n\t\t\t\t\t\t<\/div>\n\t\t\t\t<\/div>\n\t\t\t\t<div class=\"elementor-element elementor-element-c9a8321 elementor-widget elementor-widget-text-editor\" data-id=\"c9a8321\" data-element_type=\"widget\" data-e-type=\"widget\" data-widget_type=\"text-editor.default\">\n\t\t\t\t<div class=\"elementor-widget-container\">\n\t\t\t\t\t\t\t\t\t<p><strong>Vou perder meu dinheiro se eu tentar jogar uma vers\u00e3o demo do Plinko?<\/strong><\/p><p>N\u00e3o, voc\u00ea n\u00e3o perder\u00e1 nenhum dinheiro se jogar uma vers\u00e3o demo do Plinko. As vers\u00f5es demo s\u00e3o gratuitas para jogar e n\u00e3o exigem que voc\u00ea fa\u00e7a um dep\u00f3sito ou fa\u00e7a uma aposta. Eles s\u00e3o projetados para lhe dar a chance de experimentar o jogo e se familiarizar com suas regras e mec\u00e2nicas sem arriscar dinheiro real.Em uma vers\u00e3o demo do Plinko, voc\u00ea receber\u00e1 um saldo virtual ou moedas que voc\u00ea pode usar para jogar o jogo. Quaisquer ganhos ou perdas que voc\u00ea experimentar ser\u00e3o refletidos neste saldo virtual, mas n\u00e3o \u00e9 dinheiro real que voc\u00ea pode retirar ou usar fora do jogo.<\/p><p>Se voc\u00ea decidir jogar a vers\u00e3o real do Plinko por dinheiro real, voc\u00ea precisar\u00e1 fazer um dep\u00f3sito e fazer uma aposta usando seus pr\u00f3prios fundos.<\/p><p><strong>Plinko \u00e9 o Jogo da Sorte agrad\u00e1vel?<\/strong><\/p><p>Sim, Plinko \u00e9 um jogo de azar muito agrad\u00e1vel que \u00e9 amado por muitas pessoas ao redor do mundo. Os momentos de suspense do jogo \u00e0 medida que a bola salta pelo tabuleiro antes de finalmente se instalar em um slot podem ser muito emocionantes, e a chance de ganhar dinheiro ou outros pr\u00eamios aumenta a divers\u00e3o.<\/p><p>H\u00e1 muitos f\u00e3s de Plinko que gostam muito deste jogo. E sim, n\u00e3o respondemos a isso com um prop\u00f3sito.<\/p><p><strong>Plinko \u00e9 um jogo f\u00e1cil de jogar?<\/strong><\/p><p>Sim, Plinko \u00e9 um jogo simples e f\u00e1cil de entender, o que o torna acess\u00edvel a pessoas de todas as idades e n\u00edveis de habilidade. As regras s\u00e3o simples e a jogabilidade \u00e9 simples e f\u00e1cil de entender.<\/p><p>A simplicidade do jogo \u00e9 parte do que o torna t\u00e3o atraente para muitas pessoas. Os jogadores n\u00e3o precisam ter nenhuma habilidade ou conhecimento especial para desfrutar do jogo, e \u00e9 acess\u00edvel a pessoas de todas as idades. <\/p>\t\t\t\t\t\t\t\t<\/div>\n\t\t\t\t<\/div>\n\t\t\t\t\t<\/div>\n\t\t<\/div>\n\t\t\t\t\t<\/div>\n\t\t<\/section>\n\t\t\t\t<\/div>","protected":false},"excerpt":{"rendered":"<p>Jogo de Demonstra\u00e7\u00e3o Plinko Experimente Plinko de gra\u00e7a Plinko est\u00e1 certo para mim, voc\u00ea pode me perguntar? Grande pergunta que um jogador pode considerar! Bem, tudo o que lhe diremos, \u00e9 que de nosso encontro, h\u00e1 toneladas de f\u00e3s de Plinko que apreciam completamente este jogo. N\u00e3o chegamos a compor este artigo por acaso. Ou [&hellip;]<\/p>\n","protected":false},"author":1,"featured_media":0,"parent":0,"menu_order":0,"comment_status":"closed","ping_status":"closed","template":"elementor_header_footer","meta":{"site-sidebar-layout":"no-sidebar","site-content-layout":"page-builder","ast-site-content-layout":"default","site-content-style":"default","site-sidebar-style":"default","ast-global-header-display":"","ast-banner-title-visibility":"","ast-main-header-display":"","ast-hfb-above-header-display":"","ast-hfb-below-header-display":"","ast-hfb-mobile-header-display":"","site-post-title":"disabled","ast-breadcrumbs-content":"","ast-featured-img":"disabled","footer-sml-layout":"","ast-disable-related-posts":"","theme-transparent-header-meta":"","adv-header-id-meta":"","stick-header-meta":"","header-above-stick-meta":"","header-main-stick-meta":"","header-below-stick-meta":"","astra-migrate-meta-layouts":"default","ast-page-background-enabled":"default","ast-page-background-meta":{"desktop":{"background-color":"","background-image":"","background-repeat":"repeat","background-position":"center center","background-size":"auto","background-attachment":"scroll","background-type":"","background-media":"","overlay-type":"","overlay-color":"","overlay-opacity":"","overlay-gradient":""},"tablet":{"background-color":"","background-image":"","background-repeat":"repeat","background-position":"center center","background-size":"auto","background-attachment":"scroll","background-type":"","background-media":"","overlay-type":"","overlay-color":"","overlay-opacity":"","overlay-gradient":""},"mobile":{"background-color":"","background-image":"","background-repeat":"repeat","background-position":"center center","background-size":"auto","background-attachment":"scroll","background-type":"","background-media":"","overlay-type":"","overlay-color":"","overlay-opacity":"","overlay-gradient":""}},"ast-content-background-meta":{"desktop":{"background-color":"var(--ast-global-color-5)","background-image":"","background-repeat":"repeat","background-position":"center center","background-size":"auto","background-attachment":"scroll","background-type":"","background-media":"","overlay-type":"","overlay-color":"","overlay-opacity":"","overlay-gradient":""},"tablet":{"background-color":"var(--ast-global-color-5)","background-image":"","background-repeat":"repeat","background-position":"center center","background-size":"auto","background-attachment":"scroll","background-type":"","background-media":"","overlay-type":"","overlay-color":"","overlay-opacity":"","overlay-gradient":""},"mobile":{"background-color":"var(--ast-global-color-5)","background-image":"","background-repeat":"repeat","background-position":"center center","background-size":"auto","background-attachment":"scroll","background-type":"","background-media":"","overlay-type":"","overlay-color":"","overlay-opacity":"","overlay-gradient":""}},"footnotes":""},"class_list":["post-5369","page","type-page","status-publish","hentry"],"aioseo_notices":[],"_links":{"self":[{"href":"https:\/\/plinkogamez.com\/fr\/wp-json\/wp\/v2\/pages\/5369","targetHints":{"allow":["GET"]}}],"collection":[{"href":"https:\/\/plinkogamez.com\/fr\/wp-json\/wp\/v2\/pages"}],"about":[{"href":"https:\/\/plinkogamez.com\/fr\/wp-json\/wp\/v2\/types\/page"}],"author":[{"embeddable":true,"href":"https:\/\/plinkogamez.com\/fr\/wp-json\/wp\/v2\/users\/1"}],"replies":[{"embeddable":true,"href":"https:\/\/plinkogamez.com\/fr\/wp-json\/wp\/v2\/comments?post=5369"}],"version-history":[{"count":1,"href":"https:\/\/plinkogamez.com\/fr\/wp-json\/wp\/v2\/pages\/5369\/revisions"}],"predecessor-version":[{"id":5804,"href":"https:\/\/plinkogamez.com\/fr\/wp-json\/wp\/v2\/pages\/5369\/revisions\/5804"}],"wp:attachment":[{"href":"https:\/\/plinkogamez.com\/fr\/wp-json\/wp\/v2\/media?parent=5369"}],"curies":[{"name":"wp","href":"https:\/\/api.w.org\/{rel}","templated":true}]}}