{"id":5361,"date":"2022-10-13T06:09:13","date_gmt":"2022-10-13T06:09:13","guid":{"rendered":"https:\/\/plinkogamez.com\/?page_id=5361"},"modified":"2024-08-21T07:21:33","modified_gmt":"2024-08-21T07:21:33","slug":"estrategias","status":"publish","type":"page","link":"https:\/\/plinkogamez.com\/fr\/estrategias\/","title":{"rendered":"Strat\u00e9gies"},"content":{"rendered":"<div data-elementor-type=\"wp-page\" data-elementor-id=\"5361\" class=\"elementor elementor-5361\">\n\t\t\t\t\t\t<section class=\"elementor-section elementor-top-section elementor-element elementor-element-1fe2913 elementor-section-boxed elementor-section-height-default elementor-section-height-default\" data-id=\"1fe2913\" data-element_type=\"section\" data-e-type=\"section\" data-settings=\"{&quot;background_background&quot;:&quot;classic&quot;}\">\n\t\t\t\t\t\t<div class=\"elementor-container elementor-column-gap-default\">\n\t\t\t\t\t<div class=\"elementor-column elementor-col-100 elementor-top-column elementor-element elementor-element-13e60c2\" data-id=\"13e60c2\" data-element_type=\"column\" data-e-type=\"column\" data-settings=\"{&quot;background_background&quot;:&quot;classic&quot;}\">\n\t\t\t<div class=\"elementor-widget-wrap elementor-element-populated\">\n\t\t\t\t\t\t<div class=\"elementor-element elementor-element-70cf54f elementor-widget elementor-widget-heading\" data-id=\"70cf54f\" data-element_type=\"widget\" data-e-type=\"widget\" data-widget_type=\"heading.default\">\n\t\t\t\t<div class=\"elementor-widget-container\">\n\t\t\t\t\t<h1 class=\"elementor-heading-title elementor-size-default\">Strat\u00e9gies du jeu de hasard Plinko<\/h1>\t\t\t\t<\/div>\n\t\t\t\t<\/div>\n\t\t\t\t<div class=\"elementor-element elementor-element-b19db81 elementor-widget elementor-widget-heading\" data-id=\"b19db81\" data-element_type=\"widget\" data-e-type=\"widget\" data-widget_type=\"heading.default\">\n\t\t\t\t<div class=\"elementor-widget-container\">\n\t\t\t\t\t<h2 class=\"elementor-heading-title elementor-size-default\">Comment gagner \u00e0 Plinko<\/h2>\t\t\t\t<\/div>\n\t\t\t\t<\/div>\n\t\t\t\t<div class=\"elementor-element elementor-element-4c87313 elementor-widget elementor-widget-text-editor\" data-id=\"4c87313\" data-element_type=\"widget\" data-e-type=\"widget\" data-widget_type=\"text-editor.default\">\n\t\t\t\t<div class=\"elementor-widget-container\">\n\t\t\t\t\t\t\t\t\t<p>Choisissez votre montant de pari, puis cliquez sur le bouton \"Jouer\" pour commencer le jeu.<\/p><ol><li>Regardez la chute de balle\u00a0: Une fois que le jeu commence, vous verrez une planche Plinko avec une balle tomb\u00e9e du haut. La balle rebondira sur les chevilles au fur et \u00e0 mesure qu\u2019elle tombera et atterrira dans l\u2019une des nombreuses fentes au bas de la planche.<\/li><li>Recueillir vos gains\u00a0: Selon la fente dans laquelle la balle atterrit, vous gagnerez un montant de prix.\u00a0<\/li><\/ol><p><strong>Les gains seront automatiquement ajout\u00e9s au solde de votre compte, et vous pouvez continuer \u00e0 jouer ou encaisser vos gains.<\/strong><\/p><p>N\u2019oubliez pas que vous devez vous assurer de jouer de fa\u00e7on responsable et dans les limites de votre budget.<\/p>\t\t\t\t\t\t\t\t<\/div>\n\t\t\t\t<\/div>\n\t\t\t\t<div class=\"elementor-element elementor-element-cdde99f elementor-widget elementor-widget-heading\" data-id=\"cdde99f\" data-element_type=\"widget\" data-e-type=\"widget\" data-widget_type=\"heading.default\">\n\t\t\t\t<div class=\"elementor-widget-container\">\n\t\t\t\t\t<h2 class=\"elementor-heading-title elementor-size-default\">Y a-t-il une strat\u00e9gie de travail Plinko?\n<\/h2>\t\t\t\t<\/div>\n\t\t\t\t<\/div>\n\t\t\t\t<div class=\"elementor-element elementor-element-31e0c7a elementor-widget elementor-widget-text-editor\" data-id=\"31e0c7a\" data-element_type=\"widget\" data-e-type=\"widget\" data-widget_type=\"text-editor.default\">\n\t\t\t\t<div class=\"elementor-widget-container\">\n\t\t\t\t\t\t\t\t\t<p>Alors que certains jeux de chance ont strat\u00e9gie impliqu\u00e9 (comme le blackjack en ligne), Plinko ne.<\/p><p>C\u2019est parce que Plinko n\u2019est pas un jeu bas\u00e9 sur les comp\u00e9tences. Du moins pas en termes de r\u00e9sultats. Cela signifie que vous ne pouvez vraiment rien faire pour affecter o\u00f9 la puce va atterrir.<\/p><p>Ce manque de strat\u00e9gie, pour certains, est en fait une grande partie de l\u2019attrait du jeu. Autrement dit, ils peuvent simplement placer leur pari et attendre de voir o\u00f9 le destin tombe. D\u2019autre part, il n\u2019est pas tout \u00e0 fait vrai qu\u2019il n\u2019y a pas de strat\u00e9gie Plinko. Il ya beaucoup de conseils de bien-\u00eatre quand il s\u2019agit de placer vos paris, comme vous pouvez choisir vos cotes dans une large mesure ainsi que le gagnant potentiel.<\/p><p>Par cons\u00e9quent, si gagner est important pour vous ind\u00e9pendamment de la somme, alors vous devriez opter pour un faible nombre de lignes accompagn\u00e9es d\u2019un faible niveau de risque. Et si vous voulez les plus gros prix, vous devez vous adapter en nature.<\/p><p><img fetchpriority=\"high\" decoding=\"async\" class=\"wp-image-5484 aligncenter\" src=\"https:\/\/plinkogamez.com\/wp-content\/uploads\/2022\/10\/maxresdefault-300x169.webp\" alt=\"Strat\u00e9gies\" width=\"634\" height=\"357\" srcset=\"https:\/\/plinkogamez.com\/wp-content\/uploads\/2022\/10\/maxresdefault-300x169.webp 300w, https:\/\/plinkogamez.com\/wp-content\/uploads\/2022\/10\/maxresdefault-1024x576.webp 1024w, https:\/\/plinkogamez.com\/wp-content\/uploads\/2022\/10\/maxresdefault-768x432.webp 768w, https:\/\/plinkogamez.com\/wp-content\/uploads\/2022\/10\/maxresdefault.webp 1280w\" sizes=\"(max-width: 634px) 100vw, 634px\" \/><\/p><p><strong>Profitez de quelques strat\u00e9gies qui pourraient vous aider \u00e0 gagner \u00e0 Plinko\u00a0:<\/strong><\/p><p>Parier sur plusieurs machines \u00e0 sous\u00a0: Au lieu de mettre tout votre argent sur une machine \u00e0 sous, envisager de parier sur plusieurs machines \u00e0 sous. Cela augmente vos chances de gagner quelque chose.<\/p><p>Rechercher des mod\u00e8les\u00a0: Bien que Plinko est un jeu al\u00e9atoire, il peut y avoir des mod\u00e8les qui \u00e9mergent. Regardez le ballon tomber et essayez de pr\u00e9dire o\u00f9 il atterrira en fonction des rebonds pr\u00e9c\u00e9dents.<\/p><p>G\u00e9rer votre bankroll\u00a0: D\u00e9finir un budget pour combien vous \u00eates pr\u00eat \u00e0 d\u00e9penser et s\u2019y tenir. Ne pariez pas plus que vous pouvez vous permettre de perdre.<\/p><p><strong>Jouer \u00e0 des casinos en ligne de bonne r\u00e9putation\u00a0: Assurez-vous de choisir notre casino en ligne qui est de bonne r\u00e9putation et digne de confiance. V\u00e9rifiez les avis et les notes avant, et profiter de jouer!<\/strong><\/p><p>Et le dernier conseil est de profiter des bonus et des promotions\u00a0:<\/p><p>Jouez \u00e0 Plinko le jeu de hasard et obtenez des bonus et des promotions qui peuvent augmenter vos chances de gagner. Profitez de ces offres dans la mesure du possible.<\/p><p>\u00a0<\/p>\t\t\t\t\t\t\t\t<\/div>\n\t\t\t\t<\/div>\n\t\t\t\t<div class=\"elementor-element elementor-element-a7dcf0d elementor-button-danger elementor-align-center elementor-widget elementor-widget-button\" data-id=\"a7dcf0d\" data-element_type=\"widget\" data-e-type=\"widget\" data-widget_type=\"button.default\">\n\t\t\t\t<div class=\"elementor-widget-container\">\n\t\t\t\t\t\t\t\t\t<div class=\"elementor-button-wrapper\">\n\t\t\t\t\t<a class=\"elementor-button elementor-size-md\" role=\"button\">\n\t\t\t\t\t\t<span class=\"elementor-button-content-wrapper\">\n\t\t\t\t\t\t\t\t\t<span class=\"elementor-button-text\">Plinko 1win<\/span>\n\t\t\t\t\t<\/span>\n\t\t\t\t\t<\/a>\n\t\t\t\t<\/div>\n\t\t\t\t\t\t\t\t<\/div>\n\t\t\t\t<\/div>\n\t\t\t\t<div class=\"elementor-element elementor-element-6030db1 elementor-button-danger elementor-align-center elementor-widget elementor-widget-button\" data-id=\"6030db1\" data-element_type=\"widget\" data-e-type=\"widget\" data-widget_type=\"button.default\">\n\t\t\t\t<div class=\"elementor-widget-container\">\n\t\t\t\t\t\t\t\t\t<div class=\"elementor-button-wrapper\">\n\t\t\t\t\t<a class=\"elementor-button elementor-size-md\" role=\"button\">\n\t\t\t\t\t\t<span class=\"elementor-button-content-wrapper\">\n\t\t\t\t\t\t\t\t\t<span class=\"elementor-button-text\">Plinko Pin up<\/span>\n\t\t\t\t\t<\/span>\n\t\t\t\t\t<\/a>\n\t\t\t\t<\/div>\n\t\t\t\t\t\t\t\t<\/div>\n\t\t\t\t<\/div>\n\t\t\t\t\t<\/div>\n\t\t<\/div>\n\t\t\t\t\t<\/div>\n\t\t<\/section>\n\t\t\t\t<\/div>","protected":false},"excerpt":{"rendered":"<p>Estrat\u00e9gias do Jogo da Sorte Plinko Como ganhar no Plinko Escolha o valor da sua aposta e clique no bot\u00e3o &#8220;Jogar&#8221; para come\u00e7ar o jogo. Veja a bola cair: Quando o jogo come\u00e7ar, voc\u00ea ver\u00e1 um tabuleiro de Plinko com uma bola ca\u00edda do topo. A bola saltar\u00e1 dos pinos quando cair, pousando em um [&hellip;]<\/p>\n","protected":false},"author":1,"featured_media":0,"parent":0,"menu_order":0,"comment_status":"closed","ping_status":"closed","template":"elementor_header_footer","meta":{"site-sidebar-layout":"no-sidebar","site-content-layout":"page-builder","ast-site-content-layout":"default","site-content-style":"default","site-sidebar-style":"default","ast-global-header-display":"","ast-banner-title-visibility":"","ast-main-header-display":"","ast-hfb-above-header-display":"","ast-hfb-below-header-display":"","ast-hfb-mobile-header-display":"","site-post-title":"disabled","ast-breadcrumbs-content":"","ast-featured-img":"disabled","footer-sml-layout":"","ast-disable-related-posts":"","theme-transparent-header-meta":"","adv-header-id-meta":"","stick-header-meta":"","header-above-stick-meta":"","header-main-stick-meta":"","header-below-stick-meta":"","astra-migrate-meta-layouts":"default","ast-page-background-enabled":"default","ast-page-background-meta":{"desktop":{"background-color":"","background-image":"","background-repeat":"repeat","background-position":"center center","background-size":"auto","background-attachment":"scroll","background-type":"","background-media":"","overlay-type":"","overlay-color":"","overlay-opacity":"","overlay-gradient":""},"tablet":{"background-color":"","background-image":"","background-repeat":"repeat","background-position":"center center","background-size":"auto","background-attachment":"scroll","background-type":"","background-media":"","overlay-type":"","overlay-color":"","overlay-opacity":"","overlay-gradient":""},"mobile":{"background-color":"","background-image":"","background-repeat":"repeat","background-position":"center center","background-size":"auto","background-attachment":"scroll","background-type":"","background-media":"","overlay-type":"","overlay-color":"","overlay-opacity":"","overlay-gradient":""}},"ast-content-background-meta":{"desktop":{"background-color":"var(--ast-global-color-5)","background-image":"","background-repeat":"repeat","background-position":"center center","background-size":"auto","background-attachment":"scroll","background-type":"","background-media":"","overlay-type":"","overlay-color":"","overlay-opacity":"","overlay-gradient":""},"tablet":{"background-color":"var(--ast-global-color-5)","background-image":"","background-repeat":"repeat","background-position":"center center","background-size":"auto","background-attachment":"scroll","background-type":"","background-media":"","overlay-type":"","overlay-color":"","overlay-opacity":"","overlay-gradient":""},"mobile":{"background-color":"var(--ast-global-color-5)","background-image":"","background-repeat":"repeat","background-position":"center center","background-size":"auto","background-attachment":"scroll","background-type":"","background-media":"","overlay-type":"","overlay-color":"","overlay-opacity":"","overlay-gradient":""}},"footnotes":""},"class_list":["post-5361","page","type-page","status-publish","hentry"],"aioseo_notices":[],"_links":{"self":[{"href":"https:\/\/plinkogamez.com\/fr\/wp-json\/wp\/v2\/pages\/5361","targetHints":{"allow":["GET"]}}],"collection":[{"href":"https:\/\/plinkogamez.com\/fr\/wp-json\/wp\/v2\/pages"}],"about":[{"href":"https:\/\/plinkogamez.com\/fr\/wp-json\/wp\/v2\/types\/page"}],"author":[{"embeddable":true,"href":"https:\/\/plinkogamez.com\/fr\/wp-json\/wp\/v2\/users\/1"}],"replies":[{"embeddable":true,"href":"https:\/\/plinkogamez.com\/fr\/wp-json\/wp\/v2\/comments?post=5361"}],"version-history":[{"count":1,"href":"https:\/\/plinkogamez.com\/fr\/wp-json\/wp\/v2\/pages\/5361\/revisions"}],"predecessor-version":[{"id":5807,"href":"https:\/\/plinkogamez.com\/fr\/wp-json\/wp\/v2\/pages\/5361\/revisions\/5807"}],"wp:attachment":[{"href":"https:\/\/plinkogamez.com\/fr\/wp-json\/wp\/v2\/media?parent=5361"}],"curies":[{"name":"wp","href":"https:\/\/api.w.org\/{rel}","templated":true}]}}