{"id":5383,"date":"2022-10-13T06:26:59","date_gmt":"2022-10-13T06:26:59","guid":{"rendered":"https:\/\/plinkogamez.com\/?page_id=5383"},"modified":"2024-08-21T07:21:59","modified_gmt":"2024-08-21T07:21:59","slug":"pin-up","status":"publish","type":"page","link":"https:\/\/plinkogamez.com\/en\/pin-up\/","title":{"rendered":"Pin-up"},"content":{"rendered":"<div data-elementor-type=\"wp-page\" data-elementor-id=\"5383\" class=\"elementor elementor-5383\">\n\t\t\t\t\t\t<section class=\"elementor-section elementor-top-section elementor-element elementor-element-3895b41 elementor-section-boxed elementor-section-height-default elementor-section-height-default\" data-id=\"3895b41\" data-element_type=\"section\" data-e-type=\"section\" data-settings=\"{&quot;background_background&quot;:&quot;classic&quot;}\">\n\t\t\t\t\t\t<div class=\"elementor-container elementor-column-gap-default\">\n\t\t\t\t\t<div class=\"elementor-column elementor-col-100 elementor-top-column elementor-element elementor-element-bbed065\" data-id=\"bbed065\" data-element_type=\"column\" data-e-type=\"column\" data-settings=\"{&quot;background_background&quot;:&quot;classic&quot;}\">\n\t\t\t<div class=\"elementor-widget-wrap elementor-element-populated\">\n\t\t\t\t\t\t<div class=\"elementor-element elementor-element-95734f0 elementor-widget elementor-widget-heading\" data-id=\"95734f0\" data-element_type=\"widget\" data-e-type=\"widget\" data-widget_type=\"heading.default\">\n\t\t\t\t<div class=\"elementor-widget-container\">\n\t\t\t\t\t<h1 class=\"elementor-heading-title elementor-size-default\">How to play the Plinko at Pin Up Casino<\/h1>\t\t\t\t<\/div>\n\t\t\t\t<\/div>\n\t\t\t\t<div class=\"elementor-element elementor-element-41b2eed elementor-widget elementor-widget-text-editor\" data-id=\"41b2eed\" data-element_type=\"widget\" data-e-type=\"widget\" data-widget_type=\"text-editor.default\">\n\t\t\t\t<div class=\"elementor-widget-container\">\n\t\t\t\t\t\t\t\t\t<p>In this Pin-up casino overview, we will tell you anything you need to know about the pin up casino. Let\u2019s take a look at some of the highlights of playing the Plinko at the Pin Up Online casino.\n\n<p>At Card Player, you can experience and play some of the casino's most advanced and sophisticated games. In addition, you will find a fully functional sports primer, as well as various virtual sports.\t\t\t\t\t\t\t\t<\/div>\n\t\t\t\t<\/div>\n\t\t\t\t<div class=\"elementor-element elementor-element-5e17e73 elementor-widget elementor-widget-heading\" data-id=\"5e17e73\" data-element_type=\"widget\" data-e-type=\"widget\" data-widget_type=\"heading.default\">\n\t\t\t\t<div class=\"elementor-widget-container\">\n\t\t\t\t\t<h2 class=\"elementor-heading-title elementor-size-default\">How to register at Pin Up Online Casino?<\/h2>\t\t\t\t<\/div>\n\t\t\t\t<\/div>\n\t\t\t\t<div class=\"elementor-element elementor-element-e8e0c56 elementor-widget elementor-widget-text-editor\" data-id=\"e8e0c56\" data-element_type=\"widget\" data-e-type=\"widget\" data-widget_type=\"text-editor.default\">\n\t\t\t\t<div class=\"elementor-widget-container\">\n\t\t\t\t\t\t\t\t\t<p>We will start our review of the Pin-up casino by accompanying you on how to create a new account. Even if you want to start hitting right away, you won\u2019t be able to do it unless you go through this procedure first.\n<ul>\n<li>The first thing to check is if the nation you are in is one of the countries prohibited by the Pin-up. \n<li>The next step is to click on the \"Register\" button. \n<li>Fill in all necessary details such as your email address, password, country, phone number, and more. \n<li>It is always best to carefully check the company\u2019s T&amp;Cs before playing at an online casino. It is critical to understand the regulations when it comes to an online casino. \n<li>When finished, you should choose whether to receive news by direct text or email.\n<\/ul> \t\t\t\t\t\t\t\t<\/div>\n\t\t\t\t<\/div>\n\t\t\t\t<div class=\"elementor-element elementor-element-ae077e8 elementor-widget elementor-widget-spacer\" data-id=\"ae077e8\" data-element_type=\"widget\" data-e-type=\"widget\" data-widget_type=\"spacer.default\">\n\t\t\t\t<div class=\"elementor-widget-container\">\n\t\t\t\t\t\t\t<div class=\"elementor-spacer\">\n\t\t\t<div class=\"elementor-spacer-inner\"><\/div>\n\t\t<\/div>\n\t\t\t\t\t\t<\/div>\n\t\t\t\t<\/div>\n\t\t\t\t<div class=\"elementor-element elementor-element-e6a4b91 elementor-button-danger elementor-align-center elementor-widget elementor-widget-button\" data-id=\"e6a4b91\" data-element_type=\"widget\" data-e-type=\"widget\" data-widget_type=\"button.default\">\n\t\t\t\t<div class=\"elementor-widget-container\">\n\t\t\t\t\t\t\t\t\t<div class=\"elementor-button-wrapper\">\n\t\t\t\t\t<a class=\"elementor-button elementor-size-md\" role=\"button\">\n\t\t\t\t\t\t<span class=\"elementor-button-content-wrapper\">\n\t\t\t\t\t\t\t\t\t<span class=\"elementor-button-text\">Play Plinko<\/span>\n\t\t\t\t\t<\/span>\n\t\t\t\t\t<\/a>\n\t\t\t\t<\/div>\n\t\t\t\t\t\t\t\t<\/div>\n\t\t\t\t<\/div>\n\t\t\t\t<div class=\"elementor-element elementor-element-646bc71 elementor-widget elementor-widget-spacer\" data-id=\"646bc71\" data-element_type=\"widget\" data-e-type=\"widget\" data-widget_type=\"spacer.default\">\n\t\t\t\t<div class=\"elementor-widget-container\">\n\t\t\t\t\t\t\t<div class=\"elementor-spacer\">\n\t\t\t<div class=\"elementor-spacer-inner\"><\/div>\n\t\t<\/div>\n\t\t\t\t\t\t<\/div>\n\t\t\t\t<\/div>\n\t\t\t\t<div class=\"elementor-element elementor-element-0a9ad0c elementor-widget elementor-widget-heading\" data-id=\"0a9ad0c\" data-element_type=\"widget\" data-e-type=\"widget\" data-widget_type=\"heading.default\">\n\t\t\t\t<div class=\"elementor-widget-container\">\n\t\t\t\t\t<h2 class=\"elementor-heading-title elementor-size-default\">Pin Up Casino Welcome Bonus<\/h2>\t\t\t\t<\/div>\n\t\t\t\t<\/div>\n\t\t\t\t<div class=\"elementor-element elementor-element-ee7f7b1 elementor-widget elementor-widget-text-editor\" data-id=\"ee7f7b1\" data-element_type=\"widget\" data-e-type=\"widget\" data-widget_type=\"text-editor.default\">\n\t\t\t\t<div class=\"elementor-widget-container\">\n\t\t\t\t\t\t\t\t\t<p>The Pin Up welcome bonus is one of the most generous in the industry. When you make your first deposit, you will receive a 100% deposit up to 2,000 euros\/US$. In addition, you will also receive 200 free spins.\n\n<p>The wagering requirements for the Pin-up casino bonus are 35x the deposit and bonus amount. You have 30 days to meet these conditions.\n\n<p>One of the main reasons why this site is so popular is because it offers a no-deposit bonus. This means you can test the games without having to deposit any money.\n\n<img fetchpriority=\"high\" decoding=\"async\" class=\"aligncenter wp-image-5508 size-full\" src=\"https:\/\/plinkogamez.com\/wp-content\/uploads\/2022\/10\/Pin-Up-Bonuses-1024x222-1.webp\" alt=\"Pin Up Casino Welcome Bonus\" width=\"1024\" height=\"222\" srcset=\"https:\/\/plinkogamez.com\/wp-content\/uploads\/2022\/10\/Pin-Up-Bonuses-1024x222-1.webp 1024w, https:\/\/plinkogamez.com\/wp-content\/uploads\/2022\/10\/Pin-Up-Bonuses-1024x222-1-300x65.webp 300w, https:\/\/plinkogamez.com\/wp-content\/uploads\/2022\/10\/Pin-Up-Bonuses-1024x222-1-768x167.webp 768w\" sizes=\"(max-width: 1024px) 100vw, 1024px\" \/>\n\n<center><i>JetX Pin-Up<\/i><\/center>\t\t\t\t\t\t\t\t<\/div>\n\t\t\t\t<\/div>\n\t\t\t\t<div class=\"elementor-element elementor-element-aa4c87a elementor-widget elementor-widget-heading\" data-id=\"aa4c87a\" data-element_type=\"widget\" data-e-type=\"widget\" data-widget_type=\"heading.default\">\n\t\t\t\t<div class=\"elementor-widget-container\">\n\t\t\t\t\t<h2 class=\"elementor-heading-title elementor-size-default\">Plinko Pin Up Casino Game<\/h2>\t\t\t\t<\/div>\n\t\t\t\t<\/div>\n\t\t\t\t<div class=\"elementor-element elementor-element-b3bae5c elementor-widget elementor-widget-text-editor\" data-id=\"b3bae5c\" data-element_type=\"widget\" data-e-type=\"widget\" data-widget_type=\"text-editor.default\">\n\t\t\t\t<div class=\"elementor-widget-container\">\n\t\t\t\t\t\t\t\t\t<p>The second part of our Pin-up casino review will focus on the Plinko game. This is a relatively new addition to the site, but it has already become one of the most popular games.\n\n<p>Plinko is a skill-based game in which you have to land planes on a runway. The goal is to get as many points as possible in 30 seconds. It is a fast and exciting game that is perfect for those who like a challenge.\n\n<p>There are four different difficulty levels to choose from, so you can find the right level for you. If you want to win big, then you need to land as many planes as possible. The more planes you land, the more points you earn.\t\t\t\t\t\t\t\t<\/div>\n\t\t\t\t<\/div>\n\t\t\t\t<div class=\"elementor-element elementor-element-1a8dbb4 elementor-widget elementor-widget-heading\" data-id=\"1a8dbb4\" data-element_type=\"widget\" data-e-type=\"widget\" data-widget_type=\"heading.default\">\n\t\t\t\t<div class=\"elementor-widget-container\">\n\t\t\t\t\t<h2 class=\"elementor-heading-title elementor-size-default\">Pin Up Casino Game<\/h2>\t\t\t\t<\/div>\n\t\t\t\t<\/div>\n\t\t\t\t<div class=\"elementor-element elementor-element-157e46c elementor-widget elementor-widget-text-editor\" data-id=\"157e46c\" data-element_type=\"widget\" data-e-type=\"widget\" data-widget_type=\"text-editor.default\">\n\t\t\t\t<div class=\"elementor-widget-container\">\n\t\t\t\t\t\t\t\t\t<p>There are over 2000 games to choose from at the Pin-up casino. You will find all the classics such as slots, blackjack, roulette, and baccarat. In addition, there are also live dealer games, video poker, and a whole host of other titles.\n\n<p>The developers who contributed their titles to this platform are some of the best in the business. You\u2019ll find names like Play'n GO, Quickspin, and NetEnt.\n\n<p>If you are looking for something new and exciting to play, then you should check the \"New Games\" tab. Here you will find all the latest releases.\n\n<p>As we mentioned before, there are also several virtual sports games that you can bet on. These include football, horse racing, and tennis.\n\n<img decoding=\"async\" class=\"aligncenter wp-image-5509 size-full\" src=\"https:\/\/plinkogamez.com\/wp-content\/uploads\/2022\/10\/Pin-Up-Casino-Games.webp\" alt=\"Pin Up Casino Game\" width=\"705\" height=\"530\" srcset=\"https:\/\/plinkogamez.com\/wp-content\/uploads\/2022\/10\/Pin-Up-Casino-Games.webp 705w, https:\/\/plinkogamez.com\/wp-content\/uploads\/2022\/10\/Pin-Up-Casino-Games-300x226.webp 300w\" sizes=\"(max-width: 705px) 100vw, 705px\" \/>\n\n<center><i>Pin Up Casino Game<\/i><\/center>\t\t\t\t\t\t\t\t<\/div>\n\t\t\t\t<\/div>\n\t\t\t\t<div class=\"elementor-element elementor-element-1d238f8 elementor-widget elementor-widget-heading\" data-id=\"1d238f8\" data-element_type=\"widget\" data-e-type=\"widget\" data-widget_type=\"heading.default\">\n\t\t\t\t<div class=\"elementor-widget-container\">\n\t\t\t\t\t<h2 class=\"elementor-heading-title elementor-size-default\">Cassino Pin Up Bet Live<\/h2>\t\t\t\t<\/div>\n\t\t\t\t<\/div>\n\t\t\t\t<div class=\"elementor-element elementor-element-35c5702 elementor-widget elementor-widget-text-editor\" data-id=\"35c5702\" data-element_type=\"widget\" data-e-type=\"widget\" data-widget_type=\"text-editor.default\">\n\t\t\t\t<div class=\"elementor-widget-container\">\n\t\t\t\t\t\t\t\t\t<p>The live Pin-up casino is powered by Evolution Gaming. This is one of the industry\u2019s leading live dealer gaming providers.\n\n<p>You will find all the classics such as blackjack, roulette, and baccarat. In addition, there are also some more unusual titles such as Monopoly Live and Deal or No Deal Live.\n\n<p>The minimum bet amount is EUR\/$0.50, and the maximum is EUR\/$5000.\t\t\t\t\t\t\t\t<\/div>\n\t\t\t\t<\/div>\n\t\t\t\t<div class=\"elementor-element elementor-element-03fa6fd elementor-widget elementor-widget-spacer\" data-id=\"03fa6fd\" data-element_type=\"widget\" data-e-type=\"widget\" data-widget_type=\"spacer.default\">\n\t\t\t\t<div class=\"elementor-widget-container\">\n\t\t\t\t\t\t\t<div class=\"elementor-spacer\">\n\t\t\t<div class=\"elementor-spacer-inner\"><\/div>\n\t\t<\/div>\n\t\t\t\t\t\t<\/div>\n\t\t\t\t<\/div>\n\t\t\t\t<div class=\"elementor-element elementor-element-5c61464 elementor-button-danger elementor-align-center elementor-widget elementor-widget-button\" data-id=\"5c61464\" data-element_type=\"widget\" data-e-type=\"widget\" data-widget_type=\"button.default\">\n\t\t\t\t<div class=\"elementor-widget-container\">\n\t\t\t\t\t\t\t\t\t<div class=\"elementor-button-wrapper\">\n\t\t\t\t\t<a class=\"elementor-button elementor-size-md\" role=\"button\">\n\t\t\t\t\t\t<span class=\"elementor-button-content-wrapper\">\n\t\t\t\t\t\t\t\t\t<span class=\"elementor-button-text\">Play Plinko<\/span>\n\t\t\t\t\t<\/span>\n\t\t\t\t\t<\/a>\n\t\t\t\t<\/div>\n\t\t\t\t\t\t\t\t<\/div>\n\t\t\t\t<\/div>\n\t\t\t\t<div class=\"elementor-element elementor-element-7252cf8 elementor-widget elementor-widget-spacer\" data-id=\"7252cf8\" data-element_type=\"widget\" data-e-type=\"widget\" data-widget_type=\"spacer.default\">\n\t\t\t\t<div class=\"elementor-widget-container\">\n\t\t\t\t\t\t\t<div class=\"elementor-spacer\">\n\t\t\t<div class=\"elementor-spacer-inner\"><\/div>\n\t\t<\/div>\n\t\t\t\t\t\t<\/div>\n\t\t\t\t<\/div>\n\t\t\t\t<div class=\"elementor-element elementor-element-c33691e elementor-widget elementor-widget-heading\" data-id=\"c33691e\" data-element_type=\"widget\" data-e-type=\"widget\" data-widget_type=\"heading.default\">\n\t\t\t\t<div class=\"elementor-widget-container\">\n\t\t\t\t\t<h2 class=\"elementor-heading-title elementor-size-default\">Pin Up Casino Payment Methods<\/h2>\t\t\t\t<\/div>\n\t\t\t\t<\/div>\n\t\t\t\t<div class=\"elementor-element elementor-element-9564a88 elementor-widget elementor-widget-text-editor\" data-id=\"9564a88\" data-element_type=\"widget\" data-e-type=\"widget\" data-widget_type=\"text-editor.default\">\n\t\t\t\t<div class=\"elementor-widget-container\">\n\t\t\t\t\t\t\t\t\t<p>In this review of Pin-up Casino, we will take a look at all the different payment methods available.\n<ul>\n<li>Visa \n<li>MasterCard \n<li>Skrill \n<li>Neteller \n<li>Paysafecard \n<li>ecoPayz \n<\/ul>\n<p>The minimum deposit amount is 10 euros\/$10, and the maximum is 5,000 euros\/$5,000. The same limits apply to withdrawals.\n<p>Deposit processing time is instantaneous, but withdrawals can take up to 3 business days.\t\t\t\t\t\t\t\t<\/div>\n\t\t\t\t<\/div>\n\t\t\t\t<div class=\"elementor-element elementor-element-9ea2a08 elementor-widget elementor-widget-heading\" data-id=\"9ea2a08\" data-element_type=\"widget\" data-e-type=\"widget\" data-widget_type=\"heading.default\">\n\t\t\t\t<div class=\"elementor-widget-container\">\n\t\t\t\t\t<h2 class=\"elementor-heading-title elementor-size-default\">Why would you choose Pin Up Online Casino?<\/h2>\t\t\t\t<\/div>\n\t\t\t\t<\/div>\n\t\t\t\t<div class=\"elementor-element elementor-element-bfe93f4 elementor-widget elementor-widget-text-editor\" data-id=\"bfe93f4\" data-element_type=\"widget\" data-e-type=\"widget\" data-widget_type=\"text-editor.default\">\n\t\t\t\t<div class=\"elementor-widget-container\">\n\t\t\t\t\t\t\t\t\t<p>In conclusion, Pin Up Casino is a great choice for bettors looking for a wide range of games and bonuses.<\/p><p>The site is also very easy to use, and the customer support is excellent.<\/p><p>If you are looking for an online casino that offers a bit of everything, then we highly recommend the Pin-up casino.<\/p>\t\t\t\t\t\t\t\t<\/div>\n\t\t\t\t<\/div>\n\t\t\t\t\t<\/div>\n\t\t<\/div>\n\t\t\t\t\t<\/div>\n\t\t<\/section>\n\t\t\t\t<\/div>","protected":false},"excerpt":{"rendered":"<p>Jogo Plinko no Pin Up Casino Nesta vis\u00e3o geral do cassino Pin-up, n\u00f3s analisaremos tudo o que voc\u00ea precisa saber sobre o cassino. Portanto, sem mais delongas, vamos dar uma olhada em alguns dos destaques do cassino Pin Up Online. No Card Player, voc\u00ea poder\u00e1 descobrir e jogar em alguns dos jogos e partidas mais [&hellip;]<\/p>\n","protected":false},"author":1,"featured_media":0,"parent":0,"menu_order":0,"comment_status":"closed","ping_status":"closed","template":"elementor_header_footer","meta":{"site-sidebar-layout":"no-sidebar","site-content-layout":"page-builder","ast-site-content-layout":"default","site-content-style":"default","site-sidebar-style":"default","ast-global-header-display":"","ast-banner-title-visibility":"","ast-main-header-display":"","ast-hfb-above-header-display":"","ast-hfb-below-header-display":"","ast-hfb-mobile-header-display":"","site-post-title":"disabled","ast-breadcrumbs-content":"","ast-featured-img":"disabled","footer-sml-layout":"","ast-disable-related-posts":"","theme-transparent-header-meta":"","adv-header-id-meta":"","stick-header-meta":"","header-above-stick-meta":"","header-main-stick-meta":"","header-below-stick-meta":"","astra-migrate-meta-layouts":"default","ast-page-background-enabled":"default","ast-page-background-meta":{"desktop":{"background-color":"","background-image":"","background-repeat":"repeat","background-position":"center center","background-size":"auto","background-attachment":"scroll","background-type":"","background-media":"","overlay-type":"","overlay-color":"","overlay-opacity":"","overlay-gradient":""},"tablet":{"background-color":"","background-image":"","background-repeat":"repeat","background-position":"center center","background-size":"auto","background-attachment":"scroll","background-type":"","background-media":"","overlay-type":"","overlay-color":"","overlay-opacity":"","overlay-gradient":""},"mobile":{"background-color":"","background-image":"","background-repeat":"repeat","background-position":"center center","background-size":"auto","background-attachment":"scroll","background-type":"","background-media":"","overlay-type":"","overlay-color":"","overlay-opacity":"","overlay-gradient":""}},"ast-content-background-meta":{"desktop":{"background-color":"var(--ast-global-color-5)","background-image":"","background-repeat":"repeat","background-position":"center center","background-size":"auto","background-attachment":"scroll","background-type":"","background-media":"","overlay-type":"","overlay-color":"","overlay-opacity":"","overlay-gradient":""},"tablet":{"background-color":"var(--ast-global-color-5)","background-image":"","background-repeat":"repeat","background-position":"center center","background-size":"auto","background-attachment":"scroll","background-type":"","background-media":"","overlay-type":"","overlay-color":"","overlay-opacity":"","overlay-gradient":""},"mobile":{"background-color":"var(--ast-global-color-5)","background-image":"","background-repeat":"repeat","background-position":"center center","background-size":"auto","background-attachment":"scroll","background-type":"","background-media":"","overlay-type":"","overlay-color":"","overlay-opacity":"","overlay-gradient":""}},"footnotes":""},"class_list":["post-5383","page","type-page","status-publish","hentry"],"aioseo_notices":[],"_links":{"self":[{"href":"https:\/\/plinkogamez.com\/en\/wp-json\/wp\/v2\/pages\/5383","targetHints":{"allow":["GET"]}}],"collection":[{"href":"https:\/\/plinkogamez.com\/en\/wp-json\/wp\/v2\/pages"}],"about":[{"href":"https:\/\/plinkogamez.com\/en\/wp-json\/wp\/v2\/types\/page"}],"author":[{"embeddable":true,"href":"https:\/\/plinkogamez.com\/en\/wp-json\/wp\/v2\/users\/1"}],"replies":[{"embeddable":true,"href":"https:\/\/plinkogamez.com\/en\/wp-json\/wp\/v2\/comments?post=5383"}],"version-history":[{"count":1,"href":"https:\/\/plinkogamez.com\/en\/wp-json\/wp\/v2\/pages\/5383\/revisions"}],"predecessor-version":[{"id":5813,"href":"https:\/\/plinkogamez.com\/en\/wp-json\/wp\/v2\/pages\/5383\/revisions\/5813"}],"wp:attachment":[{"href":"https:\/\/plinkogamez.com\/en\/wp-json\/wp\/v2\/media?parent=5383"}],"curies":[{"name":"wp","href":"https:\/\/api.w.org\/{rel}","templated":true}]}}