{"id":5361,"date":"2022-10-13T06:09:13","date_gmt":"2022-10-13T06:09:13","guid":{"rendered":"https:\/\/plinkogamez.com\/?page_id=5361"},"modified":"2024-08-21T07:21:33","modified_gmt":"2024-08-21T07:21:33","slug":"estrategias","status":"publish","type":"page","link":"https:\/\/plinkogamez.com\/en\/estrategias\/","title":{"rendered":"Strategies"},"content":{"rendered":"<div data-elementor-type=\"wp-page\" data-elementor-id=\"5361\" class=\"elementor elementor-5361\">\n\t\t\t\t\t\t<section class=\"elementor-section elementor-top-section elementor-element elementor-element-1fe2913 elementor-section-boxed elementor-section-height-default elementor-section-height-default\" data-id=\"1fe2913\" data-element_type=\"section\" data-e-type=\"section\" data-settings=\"{&quot;background_background&quot;:&quot;classic&quot;}\">\n\t\t\t\t\t\t<div class=\"elementor-container elementor-column-gap-default\">\n\t\t\t\t\t<div class=\"elementor-column elementor-col-100 elementor-top-column elementor-element elementor-element-13e60c2\" data-id=\"13e60c2\" data-element_type=\"column\" data-e-type=\"column\" data-settings=\"{&quot;background_background&quot;:&quot;classic&quot;}\">\n\t\t\t<div class=\"elementor-widget-wrap elementor-element-populated\">\n\t\t\t\t\t\t<div class=\"elementor-element elementor-element-70cf54f elementor-widget elementor-widget-heading\" data-id=\"70cf54f\" data-element_type=\"widget\" data-e-type=\"widget\" data-widget_type=\"heading.default\">\n\t\t\t\t<div class=\"elementor-widget-container\">\n\t\t\t\t\t<h1 class=\"elementor-heading-title elementor-size-default\">Strategies of the Game of Chance Plinko<\/h1>\t\t\t\t<\/div>\n\t\t\t\t<\/div>\n\t\t\t\t<div class=\"elementor-element elementor-element-b19db81 elementor-widget elementor-widget-heading\" data-id=\"b19db81\" data-element_type=\"widget\" data-e-type=\"widget\" data-widget_type=\"heading.default\">\n\t\t\t\t<div class=\"elementor-widget-container\">\n\t\t\t\t\t<h2 class=\"elementor-heading-title elementor-size-default\">How to win at Plinko<\/h2>\t\t\t\t<\/div>\n\t\t\t\t<\/div>\n\t\t\t\t<div class=\"elementor-element elementor-element-4c87313 elementor-widget elementor-widget-text-editor\" data-id=\"4c87313\" data-element_type=\"widget\" data-e-type=\"widget\" data-widget_type=\"text-editor.default\">\n\t\t\t\t<div class=\"elementor-widget-container\">\n\t\t\t\t\t\t\t\t\t<p>Choose your bet amount, and then click on the \"Play\" button to begin the game.<\/p><ol><li>Watch the ball drop: Once the game starts, you'll see a Plinko board with a ball dropped from the top. The ball will bounce off the pegs as it falls, landing in one of several slots at the bottom of the board.<\/li><li>Collect your winnings: Depending on which slot the ball lands in, you'll win a prize amount.\u00a0<\/li><\/ol><p><strong>The winnings will be automatically added to your account balance, and you can continue playing or cash out your winnings.<\/strong><\/p><p>Keep in mind that you should make sure to play responsibly and within your budget.<\/p>\t\t\t\t\t\t\t\t<\/div>\n\t\t\t\t<\/div>\n\t\t\t\t<div class=\"elementor-element elementor-element-cdde99f elementor-widget elementor-widget-heading\" data-id=\"cdde99f\" data-element_type=\"widget\" data-e-type=\"widget\" data-widget_type=\"heading.default\">\n\t\t\t\t<div class=\"elementor-widget-container\">\n\t\t\t\t\t<h2 class=\"elementor-heading-title elementor-size-default\">Is there a Plinko working strategy?\n<\/h2>\t\t\t\t<\/div>\n\t\t\t\t<\/div>\n\t\t\t\t<div class=\"elementor-element elementor-element-31e0c7a elementor-widget elementor-widget-text-editor\" data-id=\"31e0c7a\" data-element_type=\"widget\" data-e-type=\"widget\" data-widget_type=\"text-editor.default\">\n\t\t\t\t<div class=\"elementor-widget-container\">\n\t\t\t\t\t\t\t\t\t<p>While some games of luck have strategy involved (like online blackjack), Plinko doesn\u2019t.<\/p><p>That\u2019s because Plinko is not a skill-based game. At least not in terms of the outcome. This means that you can\u2019t really do anything to affect where the chip will land.<\/p><p>This lack of strategy, for some, is actually a big part of the appeal of the game. That is, they can simply place their bet and wait to see where the fate falls. On the other hand, it is not entirely true that there is no Plinko strategy. There is a good deal of welfare advice when it comes to placing your bets, as you can choose your odds to a large extent as well as the potential winner.<\/p><p>Therefore, if winning is important to you regardless of the sum, then you should opt for a low number of lines accompanied by a low level of risk. And if you want the biggest prizes, you must adjust up in kind.<\/p><p><img fetchpriority=\"high\" decoding=\"async\" class=\"wp-image-5484 aligncenter\" src=\"https:\/\/plinkogamez.com\/wp-content\/uploads\/2022\/10\/maxresdefault-300x169.webp\" alt=\"Strategies\" width=\"634\" height=\"357\" srcset=\"https:\/\/plinkogamez.com\/wp-content\/uploads\/2022\/10\/maxresdefault-300x169.webp 300w, https:\/\/plinkogamez.com\/wp-content\/uploads\/2022\/10\/maxresdefault-1024x576.webp 1024w, https:\/\/plinkogamez.com\/wp-content\/uploads\/2022\/10\/maxresdefault-768x432.webp 768w, https:\/\/plinkogamez.com\/wp-content\/uploads\/2022\/10\/maxresdefault.webp 1280w\" sizes=\"(max-width: 634px) 100vw, 634px\" \/><\/p><p><strong>Enjoy some strategies that might help you to win at Plinko:<\/strong><\/p><p>Bet on multiple slots: Instead of putting all your money on one slot, consider betting on several slots. This increases your chances of winning something.<\/p><p>Look for patterns: While Plinko is a random game, there may be some patterns that emerge. Watch the ball as it falls and try to predict where it will land based on previous bounces.<\/p><p>Manage your bankroll: Set a budget for how much you're willing to spend and stick to it. Don't bet more than you can afford to lose.<\/p><p><strong>Play at reputable online casinos: Make sure to choose our online casino that is reputable and trustworthy. Check reviews and ratings before, and enjoy playing!<\/strong><\/p><p>And the last one advice is to take advantage of bonuses and promotions:<\/p><p>Play Plinko the Game of Chance and get bonuses and promotions that can increase your chances of winning. Take advantage of these offers whenever possible.<\/p><p>\u00a0<\/p>\t\t\t\t\t\t\t\t<\/div>\n\t\t\t\t<\/div>\n\t\t\t\t<div class=\"elementor-element elementor-element-a7dcf0d elementor-button-danger elementor-align-center elementor-widget elementor-widget-button\" data-id=\"a7dcf0d\" data-element_type=\"widget\" data-e-type=\"widget\" data-widget_type=\"button.default\">\n\t\t\t\t<div class=\"elementor-widget-container\">\n\t\t\t\t\t\t\t\t\t<div class=\"elementor-button-wrapper\">\n\t\t\t\t\t<a class=\"elementor-button elementor-size-md\" role=\"button\">\n\t\t\t\t\t\t<span class=\"elementor-button-content-wrapper\">\n\t\t\t\t\t\t\t\t\t<span class=\"elementor-button-text\">Plinko 1win<\/span>\n\t\t\t\t\t<\/span>\n\t\t\t\t\t<\/a>\n\t\t\t\t<\/div>\n\t\t\t\t\t\t\t\t<\/div>\n\t\t\t\t<\/div>\n\t\t\t\t<div class=\"elementor-element elementor-element-6030db1 elementor-button-danger elementor-align-center elementor-widget elementor-widget-button\" data-id=\"6030db1\" data-element_type=\"widget\" data-e-type=\"widget\" data-widget_type=\"button.default\">\n\t\t\t\t<div class=\"elementor-widget-container\">\n\t\t\t\t\t\t\t\t\t<div class=\"elementor-button-wrapper\">\n\t\t\t\t\t<a class=\"elementor-button elementor-size-md\" role=\"button\">\n\t\t\t\t\t\t<span class=\"elementor-button-content-wrapper\">\n\t\t\t\t\t\t\t\t\t<span class=\"elementor-button-text\">Plinko Pin up<\/span>\n\t\t\t\t\t<\/span>\n\t\t\t\t\t<\/a>\n\t\t\t\t<\/div>\n\t\t\t\t\t\t\t\t<\/div>\n\t\t\t\t<\/div>\n\t\t\t\t\t<\/div>\n\t\t<\/div>\n\t\t\t\t\t<\/div>\n\t\t<\/section>\n\t\t\t\t<\/div>","protected":false},"excerpt":{"rendered":"<p>Estrat\u00e9gias do Jogo da Sorte Plinko Como ganhar no Plinko Escolha o valor da sua aposta e clique no bot\u00e3o &#8220;Jogar&#8221; para come\u00e7ar o jogo. Veja a bola cair: Quando o jogo come\u00e7ar, voc\u00ea ver\u00e1 um tabuleiro de Plinko com uma bola ca\u00edda do topo. A bola saltar\u00e1 dos pinos quando cair, pousando em um [&hellip;]<\/p>\n","protected":false},"author":1,"featured_media":0,"parent":0,"menu_order":0,"comment_status":"closed","ping_status":"closed","template":"elementor_header_footer","meta":{"site-sidebar-layout":"no-sidebar","site-content-layout":"page-builder","ast-site-content-layout":"default","site-content-style":"default","site-sidebar-style":"default","ast-global-header-display":"","ast-banner-title-visibility":"","ast-main-header-display":"","ast-hfb-above-header-display":"","ast-hfb-below-header-display":"","ast-hfb-mobile-header-display":"","site-post-title":"disabled","ast-breadcrumbs-content":"","ast-featured-img":"disabled","footer-sml-layout":"","ast-disable-related-posts":"","theme-transparent-header-meta":"","adv-header-id-meta":"","stick-header-meta":"","header-above-stick-meta":"","header-main-stick-meta":"","header-below-stick-meta":"","astra-migrate-meta-layouts":"default","ast-page-background-enabled":"default","ast-page-background-meta":{"desktop":{"background-color":"","background-image":"","background-repeat":"repeat","background-position":"center center","background-size":"auto","background-attachment":"scroll","background-type":"","background-media":"","overlay-type":"","overlay-color":"","overlay-opacity":"","overlay-gradient":""},"tablet":{"background-color":"","background-image":"","background-repeat":"repeat","background-position":"center center","background-size":"auto","background-attachment":"scroll","background-type":"","background-media":"","overlay-type":"","overlay-color":"","overlay-opacity":"","overlay-gradient":""},"mobile":{"background-color":"","background-image":"","background-repeat":"repeat","background-position":"center center","background-size":"auto","background-attachment":"scroll","background-type":"","background-media":"","overlay-type":"","overlay-color":"","overlay-opacity":"","overlay-gradient":""}},"ast-content-background-meta":{"desktop":{"background-color":"var(--ast-global-color-5)","background-image":"","background-repeat":"repeat","background-position":"center center","background-size":"auto","background-attachment":"scroll","background-type":"","background-media":"","overlay-type":"","overlay-color":"","overlay-opacity":"","overlay-gradient":""},"tablet":{"background-color":"var(--ast-global-color-5)","background-image":"","background-repeat":"repeat","background-position":"center center","background-size":"auto","background-attachment":"scroll","background-type":"","background-media":"","overlay-type":"","overlay-color":"","overlay-opacity":"","overlay-gradient":""},"mobile":{"background-color":"var(--ast-global-color-5)","background-image":"","background-repeat":"repeat","background-position":"center center","background-size":"auto","background-attachment":"scroll","background-type":"","background-media":"","overlay-type":"","overlay-color":"","overlay-opacity":"","overlay-gradient":""}},"footnotes":""},"class_list":["post-5361","page","type-page","status-publish","hentry"],"aioseo_notices":[],"_links":{"self":[{"href":"https:\/\/plinkogamez.com\/en\/wp-json\/wp\/v2\/pages\/5361","targetHints":{"allow":["GET"]}}],"collection":[{"href":"https:\/\/plinkogamez.com\/en\/wp-json\/wp\/v2\/pages"}],"about":[{"href":"https:\/\/plinkogamez.com\/en\/wp-json\/wp\/v2\/types\/page"}],"author":[{"embeddable":true,"href":"https:\/\/plinkogamez.com\/en\/wp-json\/wp\/v2\/users\/1"}],"replies":[{"embeddable":true,"href":"https:\/\/plinkogamez.com\/en\/wp-json\/wp\/v2\/comments?post=5361"}],"version-history":[{"count":1,"href":"https:\/\/plinkogamez.com\/en\/wp-json\/wp\/v2\/pages\/5361\/revisions"}],"predecessor-version":[{"id":5807,"href":"https:\/\/plinkogamez.com\/en\/wp-json\/wp\/v2\/pages\/5361\/revisions\/5807"}],"wp:attachment":[{"href":"https:\/\/plinkogamez.com\/en\/wp-json\/wp\/v2\/media?parent=5361"}],"curies":[{"name":"wp","href":"https:\/\/api.w.org\/{rel}","templated":true}]}}